{"id":674,"date":"2025-07-03T08:11:37","date_gmt":"2025-07-03T06:11:37","guid":{"rendered":"https:\/\/storouest.fr\/?page_id=674"},"modified":"2025-10-24T14:21:53","modified_gmt":"2025-10-24T12:21:53","slug":"moustiquaires-sur-mesure","status":"publish","type":"page","link":"https:\/\/storouest.fr\/index.php\/moustiquaires-sur-mesure\/","title":{"rendered":"Moustiquaires"},"content":{"rendered":"\t\t<div data-elementor-type=\"wp-page\" data-elementor-id=\"674\" class=\"elementor elementor-674\">\n\t\t\t\t<div class=\"elementor-element elementor-element-c6aff5b e-flex e-con-boxed e-con e-parent\" data-id=\"c6aff5b\" data-element_type=\"container\">\n\t\t\t\t\t<div class=\"e-con-inner\">\n\t\t\t\t<div class=\"elementor-element elementor-element-ac55205 elementor-widget elementor-widget-heading\" data-id=\"ac55205\" data-element_type=\"widget\" data-widget_type=\"heading.default\">\n\t\t\t\t<div class=\"elementor-widget-container\">\n\t\t\t\t\t<h2 class=\"elementor-heading-title elementor-size-default\">Moustiquaires sur mesure : laissez entrer l\u2019air, pas les insectes<\/h2>\t\t\t\t<\/div>\n\t\t\t\t<\/div>\n\t\t\t\t\t<\/div>\n\t\t\t\t<\/div>\n\t\t<div class=\"elementor-element elementor-element-1763925 e-flex e-con-boxed e-con e-parent\" data-id=\"1763925\" data-element_type=\"container\">\n\t\t\t\t\t<div class=\"e-con-inner\">\n\t\t<div class=\"elementor-element elementor-element-02047d3 e-con-full e-flex e-con e-child\" data-id=\"02047d3\" data-element_type=\"container\">\n\t\t\t\t<div class=\"elementor-element elementor-element-e21e3ec elementor-widget elementor-widget-image\" data-id=\"e21e3ec\" data-element_type=\"widget\" data-widget_type=\"image.default\">\n\t\t\t\t<div class=\"elementor-widget-container\">\n\t\t\t\t\t\t\t\t\t\t\t\t\t\t\t<img fetchpriority=\"high\" decoding=\"async\" width=\"969\" height=\"590\" src=\"https:\/\/storouest.fr\/wp-content\/uploads\/2025\/07\/Capture.png\" class=\"attachment-large size-large wp-image-713\" alt=\"STOROUEST-protection-anti-moustiques-moustiquaires\" srcset=\"https:\/\/storouest.fr\/wp-content\/uploads\/2025\/07\/Capture.png 969w, https:\/\/storouest.fr\/wp-content\/uploads\/2025\/07\/Capture-300x183.png 300w, https:\/\/storouest.fr\/wp-content\/uploads\/2025\/07\/Capture-768x468.png 768w\" sizes=\"(max-width: 969px) 100vw, 969px\" \/>\t\t\t\t\t\t\t\t\t\t\t\t\t\t\t<\/div>\n\t\t\t\t<\/div>\n\t\t\t\t<\/div>\n\t\t<div class=\"elementor-element elementor-element-6ab658f e-con-full e-flex e-con e-child\" data-id=\"6ab658f\" data-element_type=\"container\">\n\t\t\t\t<div class=\"elementor-element elementor-element-2376ee7 elementor-widget elementor-widget-text-editor\" data-id=\"2376ee7\" data-element_type=\"widget\" data-widget_type=\"text-editor.default\">\n\t\t\t\t<div class=\"elementor-widget-container\">\n\t\t\t\t\t\t\t\t\t<p><strong>Une protection discr\u00e8te, pour un confort naturel<\/strong><\/p><p>Ouvrir vos fen\u00eatres ou vos baies vitr\u00e9es en toute libert\u00e9, sans craindre moustiques, mouches ou autres insectes : c\u2019est la promesse d\u2019un habitat plus sain et plus agr\u00e9able au quotidien. Nos moustiquaires assurent une barri\u00e8re efficace tout en laissant circuler l\u2019air et la lumi\u00e8re, pour un confort naturel sans compromis.<\/p>\t\t\t\t\t\t\t\t<\/div>\n\t\t\t\t<\/div>\n\t\t\t\t<\/div>\n\t\t\t\t\t<\/div>\n\t\t\t\t<\/div>\n\t\t<div class=\"elementor-element elementor-element-fc4dcb2 e-flex e-con-boxed e-con e-parent\" data-id=\"fc4dcb2\" data-element_type=\"container\">\n\t\t\t\t\t<div class=\"e-con-inner\">\n\t\t<div class=\"elementor-element elementor-element-39be235 e-con-full e-flex e-con e-child\" data-id=\"39be235\" data-element_type=\"container\">\n\t\t\t\t<div class=\"elementor-element elementor-element-0f1087a elementor-widget elementor-widget-image\" data-id=\"0f1087a\" data-element_type=\"widget\" data-widget_type=\"image.default\">\n\t\t\t\t<div class=\"elementor-widget-container\">\n\t\t\t\t\t\t\t\t\t\t\t\t\t\t\t<img decoding=\"async\" width=\"500\" height=\"593\" src=\"https:\/\/storouest.fr\/wp-content\/uploads\/2025\/07\/moustiquaire_plissee_78_yvelines_storouest.png\" class=\"attachment-large size-large wp-image-714\" alt=\"STOROUEST-protection-insecte-moustiquaire\" srcset=\"https:\/\/storouest.fr\/wp-content\/uploads\/2025\/07\/moustiquaire_plissee_78_yvelines_storouest.png 500w, https:\/\/storouest.fr\/wp-content\/uploads\/2025\/07\/moustiquaire_plissee_78_yvelines_storouest-253x300.png 253w\" sizes=\"(max-width: 500px) 100vw, 500px\" \/>\t\t\t\t\t\t\t\t\t\t\t\t\t\t\t<\/div>\n\t\t\t\t<\/div>\n\t\t\t\t<\/div>\n\t\t<div class=\"elementor-element elementor-element-1ec54fb e-con-full e-flex e-con e-child\" data-id=\"1ec54fb\" data-element_type=\"container\">\n\t\t\t\t<div class=\"elementor-element elementor-element-3c44104 elementor-widget elementor-widget-text-editor\" data-id=\"3c44104\" data-element_type=\"widget\" data-widget_type=\"text-editor.default\">\n\t\t\t\t<div class=\"elementor-widget-container\">\n\t\t\t\t\t\t\t\t\t<p><strong>Des mod\u00e8les adapt\u00e9s \u00e0 chaque besoin<\/strong><\/p>\n<p>Fen\u00eatres, portes, baies coulissantes, v\u00e9randas\u2026 quel que soit le type d\u2019ouverture, il existe une moustiquaire adapt\u00e9e \u00e0 votre besoin. Que vous recherchiez une solution discr\u00e8te qui se replie, une version fixe ou lat\u00e9rale, tout est pens\u00e9 pour s\u2019int\u00e9grer en toute simplicit\u00e9 \u00e0 votre usage quotidien.<\/p>\t\t\t\t\t\t\t\t<\/div>\n\t\t\t\t<\/div>\n\t\t\t\t<\/div>\n\t\t<div class=\"elementor-element elementor-element-5634bce e-con-full e-flex e-con e-child\" data-id=\"5634bce\" data-element_type=\"container\">\n\t\t\t\t<div class=\"elementor-element elementor-element-d00d65f elementor-widget elementor-widget-image\" data-id=\"d00d65f\" data-element_type=\"widget\" data-widget_type=\"image.default\">\n\t\t\t\t<div class=\"elementor-widget-container\">\n\t\t\t\t\t\t\t\t\t\t\t\t\t\t\t<img decoding=\"async\" width=\"505\" height=\"596\" src=\"https:\/\/storouest.fr\/wp-content\/uploads\/2025\/07\/moustiquaire_storouest_78.png\" class=\"attachment-large size-large wp-image-715\" alt=\"STOROUEST-78-moustiquaire-barri\u00e8re-insectes\" srcset=\"https:\/\/storouest.fr\/wp-content\/uploads\/2025\/07\/moustiquaire_storouest_78.png 505w, https:\/\/storouest.fr\/wp-content\/uploads\/2025\/07\/moustiquaire_storouest_78-254x300.png 254w\" sizes=\"(max-width: 505px) 100vw, 505px\" \/>\t\t\t\t\t\t\t\t\t\t\t\t\t\t\t<\/div>\n\t\t\t\t<\/div>\n\t\t\t\t<\/div>\n\t\t\t\t\t<\/div>\n\t\t\t\t<\/div>\n\t\t<div class=\"elementor-element elementor-element-ce15fa7 e-flex e-con-boxed e-con e-parent\" data-id=\"ce15fa7\" data-element_type=\"container\">\n\t\t\t\t\t<div class=\"e-con-inner\">\n\t\t\t\t<div class=\"elementor-element elementor-element-6adc9c0 elementor-widget elementor-widget-text-editor\" data-id=\"6adc9c0\" data-element_type=\"widget\" data-widget_type=\"text-editor.default\">\n\t\t\t\t<div class=\"elementor-widget-container\">\n\t\t\t\t\t\t\t\t\t<p><strong>Design sobre, efficacit\u00e9 durable et confort naturel au quotidien<\/strong><\/p><p>Nos moustiquaires s\u2019int\u00e8grent parfaitement \u00e0 votre menuiserie sans d\u00e9naturer votre fa\u00e7ade. Discr\u00e8tes, fonctionnelles et durables, elles deviennent un r\u00e9flexe au quotidien, que ce soit \u00e0 la maison ou dans une r\u00e9sidence secondaire. Un petit d\u00e9tail qui change tout\u2026 surtout en \u00e9t\u00e9\u00a0!<\/p>\t\t\t\t\t\t\t\t<\/div>\n\t\t\t\t<\/div>\n\t\t\t\t\t<\/div>\n\t\t\t\t<\/div>\n\t\t<div class=\"elementor-element elementor-element-b7c3f8c e-flex e-con-boxed e-con e-parent\" data-id=\"b7c3f8c\" data-element_type=\"container\" data-settings=\"{&quot;background_background&quot;:&quot;classic&quot;}\">\n\t\t\t\t\t<div class=\"e-con-inner\">\n\t\t\t\t<div class=\"elementor-element elementor-element-e1790a8 elementor-widget elementor-widget-text-editor\" data-id=\"e1790a8\" data-element_type=\"widget\" data-widget_type=\"text-editor.default\">\n\t\t\t\t<div class=\"elementor-widget-container\">\n\t\t\t\t\t\t\t\t\t<span style=\"font-size: 20px;\">Vous souhaitez plus d&rsquo;informations ?<\/span><br>\n<a class=\"produit-link\" href=\"https:\/\/storouest.fr\/index.php\/contact\/\">Contactez nous<\/a>\t\t\t\t\t\t\t\t<\/div>\n\t\t\t\t<\/div>\n\t\t\t\t\t<\/div>\n\t\t\t\t<\/div>\n\t\t\t\t<\/div>\n\t\t","protected":false},"excerpt":{"rendered":"<p>Moustiquaires sur mesure : laissez entrer l\u2019air, pas les insectes Une protection discr\u00e8te, pour un confort naturel Ouvrir vos fen\u00eatres [&hellip;]<\/p>\n","protected":false},"author":1,"featured_media":0,"parent":0,"menu_order":0,"comment_status":"closed","ping_status":"closed","template":"","meta":{"site-sidebar-layout":"no-sidebar","site-content-layout":"","ast-site-content-layout":"full-width-container","site-content-style":"default","site-sidebar-style":"default","ast-global-header-display":"","ast-banner-title-visibility":"","ast-main-header-display":"","ast-hfb-above-header-display":"","ast-hfb-below-header-display":"","ast-hfb-mobile-header-display":"","site-post-title":"disabled","ast-breadcrumbs-content":"","ast-featured-img":"disabled","footer-sml-layout":"","theme-transparent-header-meta":"","adv-header-id-meta":"","stick-header-meta":"","header-above-stick-meta":"","header-main-stick-meta":"","header-below-stick-meta":"","astra-migrate-meta-layouts":"default","ast-page-background-enabled":"default","ast-page-background-meta":{"desktop":{"background-color":"var(--ast-global-color-5)","background-image":"","background-repeat":"repeat","background-position":"center center","background-size":"auto","background-attachment":"scroll","background-type":"","background-media":"","overlay-type":"","overlay-color":"","overlay-opacity":"","overlay-gradient":""},"tablet":{"background-color":"","background-image":"","background-repeat":"repeat","background-position":"center center","background-size":"auto","background-attachment":"scroll","background-type":"","background-media":"","overlay-type":"","overlay-color":"","overlay-opacity":"","overlay-gradient":""},"mobile":{"background-color":"","background-image":"","background-repeat":"repeat","background-position":"center center","background-size":"auto","background-attachment":"scroll","background-type":"","background-media":"","overlay-type":"","overlay-color":"","overlay-opacity":"","overlay-gradient":""}},"ast-content-background-meta":{"desktop":{"background-color":"var(--ast-global-color-4)","background-image":"","background-repeat":"repeat","background-position":"center center","background-size":"auto","background-attachment":"scroll","background-type":"","background-media":"","overlay-type":"","overlay-color":"","overlay-opacity":"","overlay-gradient":""},"tablet":{"background-color":"var(--ast-global-color-4)","background-image":"","background-repeat":"repeat","background-position":"center center","background-size":"auto","background-attachment":"scroll","background-type":"","background-media":"","overlay-type":"","overlay-color":"","overlay-opacity":"","overlay-gradient":""},"mobile":{"background-color":"var(--ast-global-color-4)","background-image":"","background-repeat":"repeat","background-position":"center center","background-size":"auto","background-attachment":"scroll","background-type":"","background-media":"","overlay-type":"","overlay-color":"","overlay-opacity":"","overlay-gradient":""}},"footnotes":""},"class_list":["post-674","page","type-page","status-publish","hentry"],"yoast_head":"<!-- This site is optimized with the Yoast SEO plugin v26.3 - https:\/\/yoast.com\/wordpress\/plugins\/seo\/ -->\n<title>Moustiquaires -<\/title>\n<meta name=\"description\" content=\"Dites adieu aux moustiques! Nos moustiquaires sur mesure vous permettent de profiter de l\u2019air frais sans compromis sur le confort.\" \/>\n<meta name=\"robots\" content=\"index, follow, max-snippet:-1, max-image-preview:large, max-video-preview:-1\" \/>\n<link rel=\"canonical\" href=\"https:\/\/storouest.fr\/index.php\/moustiquaires-sur-mesure\/\" \/>\n<meta property=\"og:locale\" content=\"fr_FR\" \/>\n<meta property=\"og:type\" content=\"article\" \/>\n<meta property=\"og:title\" content=\"Moustiquaires -\" \/>\n<meta property=\"og:description\" content=\"Dites adieu aux moustiques! Nos moustiquaires sur mesure vous permettent de profiter de l\u2019air frais sans compromis sur le confort.\" \/>\n<meta property=\"og:url\" content=\"https:\/\/storouest.fr\/index.php\/moustiquaires-sur-mesure\/\" \/>\n<meta property=\"article:modified_time\" content=\"2025-10-24T12:21:53+00:00\" \/>\n<meta property=\"og:image\" content=\"https:\/\/storouest.fr\/wp-content\/uploads\/2025\/07\/Capture.png\" \/>\n\t<meta property=\"og:image:width\" content=\"969\" \/>\n\t<meta property=\"og:image:height\" content=\"590\" \/>\n\t<meta property=\"og:image:type\" content=\"image\/png\" \/>\n<meta name=\"twitter:card\" content=\"summary_large_image\" \/>\n<meta name=\"twitter:label1\" content=\"Dur\u00e9e de lecture estim\u00e9e\" \/>\n\t<meta name=\"twitter:data1\" content=\"2 minutes\" \/>\n<script type=\"application\/ld+json\" class=\"yoast-schema-graph\">{\"@context\":\"https:\/\/schema.org\",\"@graph\":[{\"@type\":\"WebPage\",\"@id\":\"https:\/\/storouest.fr\/index.php\/moustiquaires-sur-mesure\/\",\"url\":\"https:\/\/storouest.fr\/index.php\/moustiquaires-sur-mesure\/\",\"name\":\"Moustiquaires -\",\"isPartOf\":{\"@id\":\"https:\/\/storouest.fr\/#website\"},\"primaryImageOfPage\":{\"@id\":\"https:\/\/storouest.fr\/index.php\/moustiquaires-sur-mesure\/#primaryimage\"},\"image\":{\"@id\":\"https:\/\/storouest.fr\/index.php\/moustiquaires-sur-mesure\/#primaryimage\"},\"thumbnailUrl\":\"https:\/\/storouest.fr\/wp-content\/uploads\/2025\/07\/Capture.png\",\"datePublished\":\"2025-07-03T06:11:37+00:00\",\"dateModified\":\"2025-10-24T12:21:53+00:00\",\"description\":\"Dites adieu aux moustiques! Nos moustiquaires sur mesure vous permettent de profiter de l\u2019air frais sans compromis sur le confort.\",\"breadcrumb\":{\"@id\":\"https:\/\/storouest.fr\/index.php\/moustiquaires-sur-mesure\/#breadcrumb\"},\"inLanguage\":\"fr-FR\",\"potentialAction\":[{\"@type\":\"ReadAction\",\"target\":[\"https:\/\/storouest.fr\/index.php\/moustiquaires-sur-mesure\/\"]}]},{\"@type\":\"ImageObject\",\"inLanguage\":\"fr-FR\",\"@id\":\"https:\/\/storouest.fr\/index.php\/moustiquaires-sur-mesure\/#primaryimage\",\"url\":\"https:\/\/storouest.fr\/wp-content\/uploads\/2025\/07\/Capture.png\",\"contentUrl\":\"https:\/\/storouest.fr\/wp-content\/uploads\/2025\/07\/Capture.png\",\"width\":969,\"height\":590,\"caption\":\"moustiquaire\"},{\"@type\":\"BreadcrumbList\",\"@id\":\"https:\/\/storouest.fr\/index.php\/moustiquaires-sur-mesure\/#breadcrumb\",\"itemListElement\":[{\"@type\":\"ListItem\",\"position\":1,\"name\":\"Accueil\",\"item\":\"https:\/\/storouest.fr\/\"},{\"@type\":\"ListItem\",\"position\":2,\"name\":\"Moustiquaires\"}]},{\"@type\":\"WebSite\",\"@id\":\"https:\/\/storouest.fr\/#website\",\"url\":\"https:\/\/storouest.fr\/\",\"name\":\"\",\"description\":\"\",\"potentialAction\":[{\"@type\":\"SearchAction\",\"target\":{\"@type\":\"EntryPoint\",\"urlTemplate\":\"https:\/\/storouest.fr\/?s={search_term_string}\"},\"query-input\":{\"@type\":\"PropertyValueSpecification\",\"valueRequired\":true,\"valueName\":\"search_term_string\"}}],\"inLanguage\":\"fr-FR\"}]}<\/script>\n<!-- \/ Yoast SEO plugin. -->","yoast_head_json":{"title":"Moustiquaires -","description":"Dites adieu aux moustiques! Nos moustiquaires sur mesure vous permettent de profiter de l\u2019air frais sans compromis sur le confort.","robots":{"index":"index","follow":"follow","max-snippet":"max-snippet:-1","max-image-preview":"max-image-preview:large","max-video-preview":"max-video-preview:-1"},"canonical":"https:\/\/storouest.fr\/index.php\/moustiquaires-sur-mesure\/","og_locale":"fr_FR","og_type":"article","og_title":"Moustiquaires -","og_description":"Dites adieu aux moustiques! Nos moustiquaires sur mesure vous permettent de profiter de l\u2019air frais sans compromis sur le confort.","og_url":"https:\/\/storouest.fr\/index.php\/moustiquaires-sur-mesure\/","article_modified_time":"2025-10-24T12:21:53+00:00","og_image":[{"width":969,"height":590,"url":"https:\/\/storouest.fr\/wp-content\/uploads\/2025\/07\/Capture.png","type":"image\/png"}],"twitter_card":"summary_large_image","twitter_misc":{"Dur\u00e9e de lecture estim\u00e9e":"2 minutes"},"schema":{"@context":"https:\/\/schema.org","@graph":[{"@type":"WebPage","@id":"https:\/\/storouest.fr\/index.php\/moustiquaires-sur-mesure\/","url":"https:\/\/storouest.fr\/index.php\/moustiquaires-sur-mesure\/","name":"Moustiquaires -","isPartOf":{"@id":"https:\/\/storouest.fr\/#website"},"primaryImageOfPage":{"@id":"https:\/\/storouest.fr\/index.php\/moustiquaires-sur-mesure\/#primaryimage"},"image":{"@id":"https:\/\/storouest.fr\/index.php\/moustiquaires-sur-mesure\/#primaryimage"},"thumbnailUrl":"https:\/\/storouest.fr\/wp-content\/uploads\/2025\/07\/Capture.png","datePublished":"2025-07-03T06:11:37+00:00","dateModified":"2025-10-24T12:21:53+00:00","description":"Dites adieu aux moustiques! Nos moustiquaires sur mesure vous permettent de profiter de l\u2019air frais sans compromis sur le confort.","breadcrumb":{"@id":"https:\/\/storouest.fr\/index.php\/moustiquaires-sur-mesure\/#breadcrumb"},"inLanguage":"fr-FR","potentialAction":[{"@type":"ReadAction","target":["https:\/\/storouest.fr\/index.php\/moustiquaires-sur-mesure\/"]}]},{"@type":"ImageObject","inLanguage":"fr-FR","@id":"https:\/\/storouest.fr\/index.php\/moustiquaires-sur-mesure\/#primaryimage","url":"https:\/\/storouest.fr\/wp-content\/uploads\/2025\/07\/Capture.png","contentUrl":"https:\/\/storouest.fr\/wp-content\/uploads\/2025\/07\/Capture.png","width":969,"height":590,"caption":"moustiquaire"},{"@type":"BreadcrumbList","@id":"https:\/\/storouest.fr\/index.php\/moustiquaires-sur-mesure\/#breadcrumb","itemListElement":[{"@type":"ListItem","position":1,"name":"Accueil","item":"https:\/\/storouest.fr\/"},{"@type":"ListItem","position":2,"name":"Moustiquaires"}]},{"@type":"WebSite","@id":"https:\/\/storouest.fr\/#website","url":"https:\/\/storouest.fr\/","name":"","description":"","potentialAction":[{"@type":"SearchAction","target":{"@type":"EntryPoint","urlTemplate":"https:\/\/storouest.fr\/?s={search_term_string}"},"query-input":{"@type":"PropertyValueSpecification","valueRequired":true,"valueName":"search_term_string"}}],"inLanguage":"fr-FR"}]}},"_links":{"self":[{"href":"https:\/\/storouest.fr\/index.php\/wp-json\/wp\/v2\/pages\/674","targetHints":{"allow":["GET"]}}],"collection":[{"href":"https:\/\/storouest.fr\/index.php\/wp-json\/wp\/v2\/pages"}],"about":[{"href":"https:\/\/storouest.fr\/index.php\/wp-json\/wp\/v2\/types\/page"}],"author":[{"embeddable":true,"href":"https:\/\/storouest.fr\/index.php\/wp-json\/wp\/v2\/users\/1"}],"replies":[{"embeddable":true,"href":"https:\/\/storouest.fr\/index.php\/wp-json\/wp\/v2\/comments?post=674"}],"version-history":[{"count":20,"href":"https:\/\/storouest.fr\/index.php\/wp-json\/wp\/v2\/pages\/674\/revisions"}],"predecessor-version":[{"id":1594,"href":"https:\/\/storouest.fr\/index.php\/wp-json\/wp\/v2\/pages\/674\/revisions\/1594"}],"wp:attachment":[{"href":"https:\/\/storouest.fr\/index.php\/wp-json\/wp\/v2\/media?parent=674"}],"curies":[{"name":"wp","href":"https:\/\/api.w.org\/{rel}","templated":true}]}}