{"id":663,"date":"2025-07-03T08:07:08","date_gmt":"2025-07-03T06:07:08","guid":{"rendered":"https:\/\/storouest.fr\/?page_id=663"},"modified":"2025-07-10T14:11:24","modified_gmt":"2025-07-10T12:11:24","slug":"carports","status":"publish","type":"page","link":"https:\/\/storouest.fr\/index.php\/carports\/","title":{"rendered":"Carports"},"content":{"rendered":"\t\t<div data-elementor-type=\"wp-page\" data-elementor-id=\"663\" class=\"elementor elementor-663\">\n\t\t\t\t<div class=\"elementor-element elementor-element-da1ca92 e-flex e-con-boxed e-con e-parent\" data-id=\"da1ca92\" data-element_type=\"container\">\n\t\t\t\t\t<div class=\"e-con-inner\">\n\t\t\t\t<div class=\"elementor-element elementor-element-4278828 elementor-widget elementor-widget-heading\" data-id=\"4278828\" data-element_type=\"widget\" data-widget_type=\"heading.default\">\n\t\t\t\t<div class=\"elementor-widget-container\">\n\t\t\t\t\t<h2 class=\"elementor-heading-title elementor-size-default\">Carport : l\u2019abri malin et moderne pour vos v\u00e9hicules<\/h2>\t\t\t\t<\/div>\n\t\t\t\t<\/div>\n\t\t\t\t\t<\/div>\n\t\t\t\t<\/div>\n\t\t<div class=\"elementor-element elementor-element-8a27ea2 e-flex e-con-boxed e-con e-parent\" data-id=\"8a27ea2\" data-element_type=\"container\">\n\t\t\t\t\t<div class=\"e-con-inner\">\n\t\t<div class=\"elementor-element elementor-element-60eaf51 e-con-full e-flex e-con e-child\" data-id=\"60eaf51\" data-element_type=\"container\">\n\t\t<div class=\"elementor-element elementor-element-69259ed e-con-full e-flex e-con e-child\" data-id=\"69259ed\" data-element_type=\"container\">\n\t\t\t\t<div class=\"elementor-element elementor-element-366c690 elementor-widget elementor-widget-image\" data-id=\"366c690\" data-element_type=\"widget\" data-widget_type=\"image.default\">\n\t\t\t\t<div class=\"elementor-widget-container\">\n\t\t\t\t\t\t\t\t\t\t\t\t\t\t\t<img fetchpriority=\"high\" decoding=\"async\" width=\"469\" height=\"390\" src=\"https:\/\/storouest.fr\/wp-content\/uploads\/2025\/07\/carport-ile-de-france.png\" class=\"attachment-large size-large wp-image-721\" alt=\"STOROUEST-carport\" srcset=\"https:\/\/storouest.fr\/wp-content\/uploads\/2025\/07\/carport-ile-de-france.png 469w, https:\/\/storouest.fr\/wp-content\/uploads\/2025\/07\/carport-ile-de-france-300x249.png 300w\" sizes=\"(max-width: 469px) 100vw, 469px\" \/>\t\t\t\t\t\t\t\t\t\t\t\t\t\t\t<\/div>\n\t\t\t\t<\/div>\n\t\t\t\t<\/div>\n\t\t\t\t<\/div>\n\t\t<div class=\"elementor-element elementor-element-6756f35 e-con-full e-flex e-con e-child\" data-id=\"6756f35\" data-element_type=\"container\">\n\t\t\t\t<div class=\"elementor-element elementor-element-6941fd2 elementor-widget elementor-widget-text-editor\" data-id=\"6941fd2\" data-element_type=\"widget\" data-widget_type=\"text-editor.default\">\n\t\t\t\t<div class=\"elementor-widget-container\">\n\t\t\t\t\t\t\t\t\t<p><strong>Une protection fiable toute l\u2019ann\u00e9e<\/strong><\/p><p>Le carport s\u2019impose comme une alternative pratique et esth\u00e9tique au garage classique. Adaptable \u00e0 tous les ext\u00e9rieurs, il prot\u00e8ge efficacement votre voiture tout en s\u2019int\u00e9grant harmonieusement \u00e0 votre habitat. Gr\u00eale, pluie, soleil ou neige : le carport agit comme un v\u00e9ritable bouclier contre les intemp\u00e9ries. Sa structure en aluminium ou en acier galvanis\u00e9 offre solidit\u00e9, durabilit\u00e9 et ne demande que tr\u00e8s peu d\u2019entretien.<\/p><p>\u00a0<\/p>\t\t\t\t\t\t\t\t<\/div>\n\t\t\t\t<\/div>\n\t\t\t\t<\/div>\n\t\t\t\t\t<\/div>\n\t\t\t\t<\/div>\n\t\t<div class=\"elementor-element elementor-element-4704700 e-flex e-con-boxed e-con e-parent\" data-id=\"4704700\" data-element_type=\"container\">\n\t\t\t\t\t<div class=\"e-con-inner\">\n\t\t<div class=\"elementor-element elementor-element-e4e53bc e-con-full e-flex e-con e-child\" data-id=\"e4e53bc\" data-element_type=\"container\">\n\t\t\t\t<div class=\"elementor-element elementor-element-e55426b elementor-widget elementor-widget-text-editor\" data-id=\"e55426b\" data-element_type=\"widget\" data-widget_type=\"text-editor.default\">\n\t\t\t\t<div class=\"elementor-widget-container\">\n\t\t\t\t\t\t\t\t\t<p><strong>Une solution flexible et sur mesure<\/strong><\/p><p>Qu\u2019il soit autoportant ou adoss\u00e9 \u00e0 la fa\u00e7ade, le carport s\u2019adapte \u00e0 la configuration de votre terrain. Il existe en plusieurs dimensions, formes et finitions pour s\u2019ajuster \u00e0 vos besoins et \u00e0 votre style.<\/p>\t\t\t\t\t\t\t\t<\/div>\n\t\t\t\t<\/div>\n\t\t\t\t<\/div>\n\t\t<div class=\"elementor-element elementor-element-6fba779 e-con-full e-flex e-con e-child\" data-id=\"6fba779\" data-element_type=\"container\">\n\t\t\t\t<div class=\"elementor-element elementor-element-3a4c272 elementor-widget elementor-widget-image\" data-id=\"3a4c272\" data-element_type=\"widget\" data-widget_type=\"image.default\">\n\t\t\t\t<div class=\"elementor-widget-container\">\n\t\t\t\t\t\t\t\t\t\t\t\t\t\t\t<img decoding=\"async\" width=\"478\" height=\"411\" src=\"https:\/\/storouest.fr\/wp-content\/uploads\/2025\/07\/carport-78-yvelines.png\" class=\"attachment-large size-large wp-image-720\" alt=\"STOROUEST-78-carports\" srcset=\"https:\/\/storouest.fr\/wp-content\/uploads\/2025\/07\/carport-78-yvelines.png 478w, https:\/\/storouest.fr\/wp-content\/uploads\/2025\/07\/carport-78-yvelines-300x258.png 300w\" sizes=\"(max-width: 478px) 100vw, 478px\" \/>\t\t\t\t\t\t\t\t\t\t\t\t\t\t\t<\/div>\n\t\t\t\t<\/div>\n\t\t\t\t<\/div>\n\t\t\t\t\t<\/div>\n\t\t\t\t<\/div>\n\t\t<div class=\"elementor-element elementor-element-cebbb08 e-flex e-con-boxed e-con e-parent\" data-id=\"cebbb08\" data-element_type=\"container\" data-settings=\"{&quot;background_background&quot;:&quot;classic&quot;}\">\n\t\t\t\t\t<div class=\"e-con-inner\">\n\t\t\t\t<div class=\"elementor-element elementor-element-add074f elementor-widget elementor-widget-text-editor\" data-id=\"add074f\" data-element_type=\"widget\" data-widget_type=\"text-editor.default\">\n\t\t\t\t<div class=\"elementor-widget-container\">\n\t\t\t\t\t\t\t\t\t<span style=\"font-size: 20px;\">Vous souhaitez plus d&rsquo;informations ?<\/span><br>\n<a class=\"produit-link\" href=\"https:\/\/storouest.fr\/index.php\/contact\/\">Contactez nous<\/a>\t\t\t\t\t\t\t\t<\/div>\n\t\t\t\t<\/div>\n\t\t\t\t\t<\/div>\n\t\t\t\t<\/div>\n\t\t\t\t<\/div>\n\t\t","protected":false},"excerpt":{"rendered":"<p>Carport : l\u2019abri malin et moderne pour vos v\u00e9hicules Une protection fiable toute l\u2019ann\u00e9e Le carport s\u2019impose comme une alternative [&hellip;]<\/p>\n","protected":false},"author":1,"featured_media":0,"parent":0,"menu_order":0,"comment_status":"closed","ping_status":"closed","template":"","meta":{"site-sidebar-layout":"no-sidebar","site-content-layout":"","ast-site-content-layout":"full-width-container","site-content-style":"default","site-sidebar-style":"default","ast-global-header-display":"","ast-banner-title-visibility":"","ast-main-header-display":"","ast-hfb-above-header-display":"","ast-hfb-below-header-display":"","ast-hfb-mobile-header-display":"","site-post-title":"disabled","ast-breadcrumbs-content":"","ast-featured-img":"disabled","footer-sml-layout":"","theme-transparent-header-meta":"","adv-header-id-meta":"","stick-header-meta":"","header-above-stick-meta":"","header-main-stick-meta":"","header-below-stick-meta":"","astra-migrate-meta-layouts":"default","ast-page-background-enabled":"default","ast-page-background-meta":{"desktop":{"background-color":"var(--ast-global-color-5)","background-image":"","background-repeat":"repeat","background-position":"center center","background-size":"auto","background-attachment":"scroll","background-type":"","background-media":"","overlay-type":"","overlay-color":"","overlay-opacity":"","overlay-gradient":""},"tablet":{"background-color":"","background-image":"","background-repeat":"repeat","background-position":"center center","background-size":"auto","background-attachment":"scroll","background-type":"","background-media":"","overlay-type":"","overlay-color":"","overlay-opacity":"","overlay-gradient":""},"mobile":{"background-color":"","background-image":"","background-repeat":"repeat","background-position":"center center","background-size":"auto","background-attachment":"scroll","background-type":"","background-media":"","overlay-type":"","overlay-color":"","overlay-opacity":"","overlay-gradient":""}},"ast-content-background-meta":{"desktop":{"background-color":"var(--ast-global-color-4)","background-image":"","background-repeat":"repeat","background-position":"center center","background-size":"auto","background-attachment":"scroll","background-type":"","background-media":"","overlay-type":"","overlay-color":"","overlay-opacity":"","overlay-gradient":""},"tablet":{"background-color":"var(--ast-global-color-4)","background-image":"","background-repeat":"repeat","background-position":"center center","background-size":"auto","background-attachment":"scroll","background-type":"","background-media":"","overlay-type":"","overlay-color":"","overlay-opacity":"","overlay-gradient":""},"mobile":{"background-color":"var(--ast-global-color-4)","background-image":"","background-repeat":"repeat","background-position":"center center","background-size":"auto","background-attachment":"scroll","background-type":"","background-media":"","overlay-type":"","overlay-color":"","overlay-opacity":"","overlay-gradient":""}},"footnotes":""},"class_list":["post-663","page","type-page","status-publish","hentry"],"yoast_head":"<!-- This site is optimized with the Yoast SEO plugin v26.3 - https:\/\/yoast.com\/wordpress\/plugins\/seo\/ -->\n<title>Carports -<\/title>\n<meta name=\"description\" content=\"Prot\u00e9gez vos v\u00e9hicules avec un carport esth\u00e9tique et durable. Aluminium ou acier, autoport\u00e9 ou adoss\u00e9 : une solution pratique et sur mesure.\" \/>\n<meta name=\"robots\" content=\"index, follow, max-snippet:-1, max-image-preview:large, max-video-preview:-1\" \/>\n<link rel=\"canonical\" href=\"https:\/\/storouest.fr\/index.php\/carports\/\" \/>\n<meta property=\"og:locale\" content=\"fr_FR\" \/>\n<meta property=\"og:type\" content=\"article\" \/>\n<meta property=\"og:title\" content=\"Carports -\" \/>\n<meta property=\"og:description\" content=\"Prot\u00e9gez vos v\u00e9hicules avec un carport esth\u00e9tique et durable. Aluminium ou acier, autoport\u00e9 ou adoss\u00e9 : une solution pratique et sur mesure.\" \/>\n<meta property=\"og:url\" content=\"https:\/\/storouest.fr\/index.php\/carports\/\" \/>\n<meta property=\"article:modified_time\" content=\"2025-07-10T12:11:24+00:00\" \/>\n<meta property=\"og:image\" content=\"https:\/\/storouest.fr\/wp-content\/uploads\/2025\/07\/carport-ile-de-france.png\" \/>\n<meta name=\"twitter:card\" content=\"summary_large_image\" \/>\n<meta name=\"twitter:label1\" content=\"Dur\u00e9e de lecture estim\u00e9e\" \/>\n\t<meta name=\"twitter:data1\" content=\"2 minutes\" \/>\n<script type=\"application\/ld+json\" class=\"yoast-schema-graph\">{\"@context\":\"https:\/\/schema.org\",\"@graph\":[{\"@type\":\"WebPage\",\"@id\":\"https:\/\/storouest.fr\/index.php\/carports\/\",\"url\":\"https:\/\/storouest.fr\/index.php\/carports\/\",\"name\":\"Carports -\",\"isPartOf\":{\"@id\":\"https:\/\/storouest.fr\/#website\"},\"primaryImageOfPage\":{\"@id\":\"https:\/\/storouest.fr\/index.php\/carports\/#primaryimage\"},\"image\":{\"@id\":\"https:\/\/storouest.fr\/index.php\/carports\/#primaryimage\"},\"thumbnailUrl\":\"https:\/\/storouest.fr\/wp-content\/uploads\/2025\/07\/carport-ile-de-france.png\",\"datePublished\":\"2025-07-03T06:07:08+00:00\",\"dateModified\":\"2025-07-10T12:11:24+00:00\",\"description\":\"Prot\u00e9gez vos v\u00e9hicules avec un carport esth\u00e9tique et durable. Aluminium ou acier, autoport\u00e9 ou adoss\u00e9 : une solution pratique et sur mesure.\",\"breadcrumb\":{\"@id\":\"https:\/\/storouest.fr\/index.php\/carports\/#breadcrumb\"},\"inLanguage\":\"fr-FR\",\"potentialAction\":[{\"@type\":\"ReadAction\",\"target\":[\"https:\/\/storouest.fr\/index.php\/carports\/\"]}]},{\"@type\":\"ImageObject\",\"inLanguage\":\"fr-FR\",\"@id\":\"https:\/\/storouest.fr\/index.php\/carports\/#primaryimage\",\"url\":\"https:\/\/storouest.fr\/wp-content\/uploads\/2025\/07\/carport-ile-de-france.png\",\"contentUrl\":\"https:\/\/storouest.fr\/wp-content\/uploads\/2025\/07\/carport-ile-de-france.png\",\"width\":469,\"height\":390,\"caption\":\"STOROUEST-carport\"},{\"@type\":\"BreadcrumbList\",\"@id\":\"https:\/\/storouest.fr\/index.php\/carports\/#breadcrumb\",\"itemListElement\":[{\"@type\":\"ListItem\",\"position\":1,\"name\":\"Accueil\",\"item\":\"https:\/\/storouest.fr\/\"},{\"@type\":\"ListItem\",\"position\":2,\"name\":\"Carports\"}]},{\"@type\":\"WebSite\",\"@id\":\"https:\/\/storouest.fr\/#website\",\"url\":\"https:\/\/storouest.fr\/\",\"name\":\"\",\"description\":\"\",\"potentialAction\":[{\"@type\":\"SearchAction\",\"target\":{\"@type\":\"EntryPoint\",\"urlTemplate\":\"https:\/\/storouest.fr\/?s={search_term_string}\"},\"query-input\":{\"@type\":\"PropertyValueSpecification\",\"valueRequired\":true,\"valueName\":\"search_term_string\"}}],\"inLanguage\":\"fr-FR\"}]}<\/script>\n<!-- \/ Yoast SEO plugin. -->","yoast_head_json":{"title":"Carports -","description":"Prot\u00e9gez vos v\u00e9hicules avec un carport esth\u00e9tique et durable. Aluminium ou acier, autoport\u00e9 ou adoss\u00e9 : une solution pratique et sur mesure.","robots":{"index":"index","follow":"follow","max-snippet":"max-snippet:-1","max-image-preview":"max-image-preview:large","max-video-preview":"max-video-preview:-1"},"canonical":"https:\/\/storouest.fr\/index.php\/carports\/","og_locale":"fr_FR","og_type":"article","og_title":"Carports -","og_description":"Prot\u00e9gez vos v\u00e9hicules avec un carport esth\u00e9tique et durable. Aluminium ou acier, autoport\u00e9 ou adoss\u00e9 : une solution pratique et sur mesure.","og_url":"https:\/\/storouest.fr\/index.php\/carports\/","article_modified_time":"2025-07-10T12:11:24+00:00","og_image":[{"url":"https:\/\/storouest.fr\/wp-content\/uploads\/2025\/07\/carport-ile-de-france.png","type":"","width":"","height":""}],"twitter_card":"summary_large_image","twitter_misc":{"Dur\u00e9e de lecture estim\u00e9e":"2 minutes"},"schema":{"@context":"https:\/\/schema.org","@graph":[{"@type":"WebPage","@id":"https:\/\/storouest.fr\/index.php\/carports\/","url":"https:\/\/storouest.fr\/index.php\/carports\/","name":"Carports -","isPartOf":{"@id":"https:\/\/storouest.fr\/#website"},"primaryImageOfPage":{"@id":"https:\/\/storouest.fr\/index.php\/carports\/#primaryimage"},"image":{"@id":"https:\/\/storouest.fr\/index.php\/carports\/#primaryimage"},"thumbnailUrl":"https:\/\/storouest.fr\/wp-content\/uploads\/2025\/07\/carport-ile-de-france.png","datePublished":"2025-07-03T06:07:08+00:00","dateModified":"2025-07-10T12:11:24+00:00","description":"Prot\u00e9gez vos v\u00e9hicules avec un carport esth\u00e9tique et durable. Aluminium ou acier, autoport\u00e9 ou adoss\u00e9 : une solution pratique et sur mesure.","breadcrumb":{"@id":"https:\/\/storouest.fr\/index.php\/carports\/#breadcrumb"},"inLanguage":"fr-FR","potentialAction":[{"@type":"ReadAction","target":["https:\/\/storouest.fr\/index.php\/carports\/"]}]},{"@type":"ImageObject","inLanguage":"fr-FR","@id":"https:\/\/storouest.fr\/index.php\/carports\/#primaryimage","url":"https:\/\/storouest.fr\/wp-content\/uploads\/2025\/07\/carport-ile-de-france.png","contentUrl":"https:\/\/storouest.fr\/wp-content\/uploads\/2025\/07\/carport-ile-de-france.png","width":469,"height":390,"caption":"STOROUEST-carport"},{"@type":"BreadcrumbList","@id":"https:\/\/storouest.fr\/index.php\/carports\/#breadcrumb","itemListElement":[{"@type":"ListItem","position":1,"name":"Accueil","item":"https:\/\/storouest.fr\/"},{"@type":"ListItem","position":2,"name":"Carports"}]},{"@type":"WebSite","@id":"https:\/\/storouest.fr\/#website","url":"https:\/\/storouest.fr\/","name":"","description":"","potentialAction":[{"@type":"SearchAction","target":{"@type":"EntryPoint","urlTemplate":"https:\/\/storouest.fr\/?s={search_term_string}"},"query-input":{"@type":"PropertyValueSpecification","valueRequired":true,"valueName":"search_term_string"}}],"inLanguage":"fr-FR"}]}},"_links":{"self":[{"href":"https:\/\/storouest.fr\/index.php\/wp-json\/wp\/v2\/pages\/663","targetHints":{"allow":["GET"]}}],"collection":[{"href":"https:\/\/storouest.fr\/index.php\/wp-json\/wp\/v2\/pages"}],"about":[{"href":"https:\/\/storouest.fr\/index.php\/wp-json\/wp\/v2\/types\/page"}],"author":[{"embeddable":true,"href":"https:\/\/storouest.fr\/index.php\/wp-json\/wp\/v2\/users\/1"}],"replies":[{"embeddable":true,"href":"https:\/\/storouest.fr\/index.php\/wp-json\/wp\/v2\/comments?post=663"}],"version-history":[{"count":15,"href":"https:\/\/storouest.fr\/index.php\/wp-json\/wp\/v2\/pages\/663\/revisions"}],"predecessor-version":[{"id":1517,"href":"https:\/\/storouest.fr\/index.php\/wp-json\/wp\/v2\/pages\/663\/revisions\/1517"}],"wp:attachment":[{"href":"https:\/\/storouest.fr\/index.php\/wp-json\/wp\/v2\/media?parent=663"}],"curies":[{"name":"wp","href":"https:\/\/api.w.org\/{rel}","templated":true}]}}