{"id":1232,"date":"2025-07-06T22:28:31","date_gmt":"2025-07-06T20:28:31","guid":{"rendered":"https:\/\/storouest.fr\/?page_id=1232"},"modified":"2025-07-15T11:26:32","modified_gmt":"2025-07-15T09:26:32","slug":"mention-legal","status":"publish","type":"page","link":"https:\/\/storouest.fr\/index.php\/mention-legal\/","title":{"rendered":"Mention l\u00e9gal"},"content":{"rendered":"\t\t<div data-elementor-type=\"wp-page\" data-elementor-id=\"1232\" class=\"elementor elementor-1232\">\n\t\t\t\t<div class=\"elementor-element elementor-element-2d02f7a e-flex e-con-boxed e-con e-parent\" data-id=\"2d02f7a\" data-element_type=\"container\">\n\t\t\t\t\t<div class=\"e-con-inner\">\n\t\t\t\t<div class=\"elementor-element elementor-element-e215316 elementor-widget elementor-widget-text-editor\" data-id=\"e215316\" data-element_type=\"widget\" data-widget_type=\"text-editor.default\">\n\t\t\t\t<div class=\"elementor-widget-container\">\n\t\t\t\t\t\t\t\t\t<h2>Mentions l\u00e9gales<\/h2>\n<h3><strong>\u00c9diteur du site<\/strong><\/h3>\n<ul>\n \t<li><strong>Appellation commerciale<\/strong>\u00a0: STOROUEST\u00a0<em>(marque d\u00e9pos\u00e9e)<\/em><\/li>\n \t<li><strong>Forme juridique<\/strong>\u00a0: Soci\u00e9t\u00e9 par actions simplifi\u00e9e (SAS)<\/li>\n \t<li><strong>SIRET<\/strong>\u00a0: 345 026 710 00011<\/li>\n \t<li><strong>Si\u00e8ge social<\/strong>\u00a0: 34 route de Mantes, 78790 Arnouville-l\u00e8s-Mantes, France<\/li>\n \t<li><strong>T\u00e9l\u00e9phone<\/strong>\u00a0: 01 30 93 93 77<\/li>\n \t<li><strong>Directrice de la publication<\/strong>\u00a0: Madame Anne-Lise COTTARD, repr\u00e9sentante l\u00e9gale de la soci\u00e9t\u00e9<\/li>\n<\/ul>\n<p style=\"font-size: 12px;\"><em>Ce site est \u00e9dit\u00e9 par la soci\u00e9t\u00e9 STOROUEST. STOROUEST est une marque d\u00e9pos\u00e9e exploit\u00e9e par la soci\u00e9t\u00e9 JOCK\u2019S.<\/em><\/p>\n\n<h3><strong>H\u00e9bergement<\/strong><\/h3>\n<ul>\n \t<li><strong>H\u00e9bergeur<\/strong>\u00a0: OVH SAS<\/li>\n \t<li><strong>Adresse<\/strong>\u00a0: 2 rue Kellermann \u2013 59100 Roubaix \u2013 France<\/li>\n \t<li><strong>T\u00e9l\u00e9phone<\/strong>\u00a0: 1007<\/li>\n \t<li><strong>Site web<\/strong>\u00a0:\u00a0<a href=\"http:\/\/www.ovh.com\/\" target=\"_blank\" rel=\"noopener\" data-saferedirecturl=\"https:\/\/www.google.com\/url?q=http:\/\/www.ovh.com&amp;source=gmail&amp;ust=1751920166418000&amp;usg=AOvVaw3p4d1gZzTzZ7tBecu5FLBs\">www.ovh.com<\/a><\/li>\n<\/ul>\n<h3><strong>Propri\u00e9t\u00e9 intellectuelle<\/strong><\/h3>\nL\u2019ensemble du contenu du site (textes, images, graphismes, logo, ic\u00f4nes, etc.) est la propri\u00e9t\u00e9 exclusive de STOROUEST, sauf mention contraire, et est prot\u00e9g\u00e9 par le Code de la propri\u00e9t\u00e9 intellectuelle.\n\nToute reproduction, distribution, modification ou publication, m\u00eame partielle, est interdite sans autorisation \u00e9crite pr\u00e9alable.\n<h3><strong>Donn\u00e9es personnelles<\/strong><\/h3>\nConform\u00e9ment au RGPD, les utilisateurs disposent d\u2019un droit d\u2019acc\u00e8s, de rectification, d\u2019opposition et de suppression concernant leurs donn\u00e9es personnelles.\n\nLes donn\u00e9es \u00e9ventuellement collect\u00e9es via le formulaire de contact sont utilis\u00e9es uniquement dans le cadre de la relation commerciale avec STOROUEST.\n<h3><strong>Cookies<\/strong><\/h3>\nCe site peut utiliser des cookies \u00e0 des fins de fonctionnement ou de statistiques. L\u2019utilisateur peut configurer son navigateur pour les refuser (voir\u00a0<a href=\"http:\/\/www.cnil.fr\/\" target=\"_blank\" rel=\"noopener\" data-saferedirecturl=\"https:\/\/www.google.com\/url?q=http:\/\/www.cnil.fr&amp;source=gmail&amp;ust=1751920166418000&amp;usg=AOvVaw2PtbuQgdmAWZKuVDdG28Wh\">www.cnil.fr<\/a>).\n<h3><strong>Responsabilit\u00e9<\/strong><\/h3>\nL\u2019\u00e9diteur s\u2019efforce de fournir des informations aussi pr\u00e9cises que possible. Toutefois, il ne saurait \u00eatre tenu responsable des erreurs ou omissions, ou des d\u00e9fauts de mise \u00e0 jour, qu\u2019ils proviennent de lui ou de tiers.\n<h3><strong>Cr\u00e9dits<\/strong><\/h3>\n<ul>\n \t<li><strong>Site r\u00e9alis\u00e9 par<\/strong>\u00a0: Luka Jovanovic \u2013 Conception et d\u00e9veloppement web<\/li>\n<\/ul>\t\t\t\t\t\t\t\t<\/div>\n\t\t\t\t<\/div>\n\t\t\t\t\t<\/div>\n\t\t\t\t<\/div>\n\t\t\t\t<\/div>\n\t\t","protected":false},"excerpt":{"rendered":"<p>Mentions l\u00e9gales \u00c9diteur du site Appellation commerciale\u00a0: STOROUEST\u00a0(marque d\u00e9pos\u00e9e) Forme juridique\u00a0: Soci\u00e9t\u00e9 par actions simplifi\u00e9e (SAS) SIRET\u00a0: 345 026 710 [&hellip;]<\/p>\n","protected":false},"author":1,"featured_media":0,"parent":0,"menu_order":0,"comment_status":"closed","ping_status":"closed","template":"","meta":{"site-sidebar-layout":"no-sidebar","site-content-layout":"","ast-site-content-layout":"full-width-container","site-content-style":"default","site-sidebar-style":"default","ast-global-header-display":"","ast-banner-title-visibility":"","ast-main-header-display":"","ast-hfb-above-header-display":"","ast-hfb-below-header-display":"","ast-hfb-mobile-header-display":"","site-post-title":"disabled","ast-breadcrumbs-content":"","ast-featured-img":"disabled","footer-sml-layout":"","theme-transparent-header-meta":"","adv-header-id-meta":"","stick-header-meta":"","header-above-stick-meta":"","header-main-stick-meta":"","header-below-stick-meta":"","astra-migrate-meta-layouts":"default","ast-page-background-enabled":"default","ast-page-background-meta":{"desktop":{"background-color":"var(--ast-global-color-5)","background-image":"","background-repeat":"repeat","background-position":"center center","background-size":"auto","background-attachment":"scroll","background-type":"","background-media":"","overlay-type":"","overlay-color":"","overlay-opacity":"","overlay-gradient":""},"tablet":{"background-color":"","background-image":"","background-repeat":"repeat","background-position":"center center","background-size":"auto","background-attachment":"scroll","background-type":"","background-media":"","overlay-type":"","overlay-color":"","overlay-opacity":"","overlay-gradient":""},"mobile":{"background-color":"","background-image":"","background-repeat":"repeat","background-position":"center center","background-size":"auto","background-attachment":"scroll","background-type":"","background-media":"","overlay-type":"","overlay-color":"","overlay-opacity":"","overlay-gradient":""}},"ast-content-background-meta":{"desktop":{"background-color":"var(--ast-global-color-4)","background-image":"","background-repeat":"repeat","background-position":"center center","background-size":"auto","background-attachment":"scroll","background-type":"","background-media":"","overlay-type":"","overlay-color":"","overlay-opacity":"","overlay-gradient":""},"tablet":{"background-color":"var(--ast-global-color-4)","background-image":"","background-repeat":"repeat","background-position":"center center","background-size":"auto","background-attachment":"scroll","background-type":"","background-media":"","overlay-type":"","overlay-color":"","overlay-opacity":"","overlay-gradient":""},"mobile":{"background-color":"var(--ast-global-color-4)","background-image":"","background-repeat":"repeat","background-position":"center center","background-size":"auto","background-attachment":"scroll","background-type":"","background-media":"","overlay-type":"","overlay-color":"","overlay-opacity":"","overlay-gradient":""}},"footnotes":""},"class_list":["post-1232","page","type-page","status-publish","hentry"],"yoast_head":"<!-- This site is optimized with the Yoast SEO plugin v26.3 - https:\/\/yoast.com\/wordpress\/plugins\/seo\/ -->\n<title>Mention l\u00e9gal -<\/title>\n<meta name=\"robots\" content=\"index, follow, max-snippet:-1, max-image-preview:large, max-video-preview:-1\" \/>\n<link rel=\"canonical\" href=\"https:\/\/storouest.fr\/index.php\/mention-legal\/\" \/>\n<meta property=\"og:locale\" content=\"fr_FR\" \/>\n<meta property=\"og:type\" content=\"article\" \/>\n<meta property=\"og:title\" content=\"Mention l\u00e9gal -\" \/>\n<meta property=\"og:description\" content=\"Mentions l\u00e9gales \u00c9diteur du site Appellation commerciale\u00a0: STOROUEST\u00a0(marque d\u00e9pos\u00e9e) Forme juridique\u00a0: Soci\u00e9t\u00e9 par actions simplifi\u00e9e (SAS) SIRET\u00a0: 345 026 710 [&hellip;]\" \/>\n<meta property=\"og:url\" content=\"https:\/\/storouest.fr\/index.php\/mention-legal\/\" \/>\n<meta property=\"article:modified_time\" content=\"2025-07-15T09:26:32+00:00\" \/>\n<meta name=\"twitter:card\" content=\"summary_large_image\" \/>\n<meta name=\"twitter:label1\" content=\"Dur\u00e9e de lecture estim\u00e9e\" \/>\n\t<meta name=\"twitter:data1\" content=\"2 minutes\" \/>\n<script type=\"application\/ld+json\" class=\"yoast-schema-graph\">{\"@context\":\"https:\/\/schema.org\",\"@graph\":[{\"@type\":\"WebPage\",\"@id\":\"https:\/\/storouest.fr\/index.php\/mention-legal\/\",\"url\":\"https:\/\/storouest.fr\/index.php\/mention-legal\/\",\"name\":\"Mention l\u00e9gal -\",\"isPartOf\":{\"@id\":\"https:\/\/storouest.fr\/#website\"},\"datePublished\":\"2025-07-06T20:28:31+00:00\",\"dateModified\":\"2025-07-15T09:26:32+00:00\",\"breadcrumb\":{\"@id\":\"https:\/\/storouest.fr\/index.php\/mention-legal\/#breadcrumb\"},\"inLanguage\":\"fr-FR\",\"potentialAction\":[{\"@type\":\"ReadAction\",\"target\":[\"https:\/\/storouest.fr\/index.php\/mention-legal\/\"]}]},{\"@type\":\"BreadcrumbList\",\"@id\":\"https:\/\/storouest.fr\/index.php\/mention-legal\/#breadcrumb\",\"itemListElement\":[{\"@type\":\"ListItem\",\"position\":1,\"name\":\"Accueil\",\"item\":\"https:\/\/storouest.fr\/\"},{\"@type\":\"ListItem\",\"position\":2,\"name\":\"Mention l\u00e9gal\"}]},{\"@type\":\"WebSite\",\"@id\":\"https:\/\/storouest.fr\/#website\",\"url\":\"https:\/\/storouest.fr\/\",\"name\":\"\",\"description\":\"\",\"potentialAction\":[{\"@type\":\"SearchAction\",\"target\":{\"@type\":\"EntryPoint\",\"urlTemplate\":\"https:\/\/storouest.fr\/?s={search_term_string}\"},\"query-input\":{\"@type\":\"PropertyValueSpecification\",\"valueRequired\":true,\"valueName\":\"search_term_string\"}}],\"inLanguage\":\"fr-FR\"}]}<\/script>\n<!-- \/ Yoast SEO plugin. -->","yoast_head_json":{"title":"Mention l\u00e9gal -","robots":{"index":"index","follow":"follow","max-snippet":"max-snippet:-1","max-image-preview":"max-image-preview:large","max-video-preview":"max-video-preview:-1"},"canonical":"https:\/\/storouest.fr\/index.php\/mention-legal\/","og_locale":"fr_FR","og_type":"article","og_title":"Mention l\u00e9gal -","og_description":"Mentions l\u00e9gales \u00c9diteur du site Appellation commerciale\u00a0: STOROUEST\u00a0(marque d\u00e9pos\u00e9e) Forme juridique\u00a0: Soci\u00e9t\u00e9 par actions simplifi\u00e9e (SAS) SIRET\u00a0: 345 026 710 [&hellip;]","og_url":"https:\/\/storouest.fr\/index.php\/mention-legal\/","article_modified_time":"2025-07-15T09:26:32+00:00","twitter_card":"summary_large_image","twitter_misc":{"Dur\u00e9e de lecture estim\u00e9e":"2 minutes"},"schema":{"@context":"https:\/\/schema.org","@graph":[{"@type":"WebPage","@id":"https:\/\/storouest.fr\/index.php\/mention-legal\/","url":"https:\/\/storouest.fr\/index.php\/mention-legal\/","name":"Mention l\u00e9gal -","isPartOf":{"@id":"https:\/\/storouest.fr\/#website"},"datePublished":"2025-07-06T20:28:31+00:00","dateModified":"2025-07-15T09:26:32+00:00","breadcrumb":{"@id":"https:\/\/storouest.fr\/index.php\/mention-legal\/#breadcrumb"},"inLanguage":"fr-FR","potentialAction":[{"@type":"ReadAction","target":["https:\/\/storouest.fr\/index.php\/mention-legal\/"]}]},{"@type":"BreadcrumbList","@id":"https:\/\/storouest.fr\/index.php\/mention-legal\/#breadcrumb","itemListElement":[{"@type":"ListItem","position":1,"name":"Accueil","item":"https:\/\/storouest.fr\/"},{"@type":"ListItem","position":2,"name":"Mention l\u00e9gal"}]},{"@type":"WebSite","@id":"https:\/\/storouest.fr\/#website","url":"https:\/\/storouest.fr\/","name":"","description":"","potentialAction":[{"@type":"SearchAction","target":{"@type":"EntryPoint","urlTemplate":"https:\/\/storouest.fr\/?s={search_term_string}"},"query-input":{"@type":"PropertyValueSpecification","valueRequired":true,"valueName":"search_term_string"}}],"inLanguage":"fr-FR"}]}},"_links":{"self":[{"href":"https:\/\/storouest.fr\/index.php\/wp-json\/wp\/v2\/pages\/1232","targetHints":{"allow":["GET"]}}],"collection":[{"href":"https:\/\/storouest.fr\/index.php\/wp-json\/wp\/v2\/pages"}],"about":[{"href":"https:\/\/storouest.fr\/index.php\/wp-json\/wp\/v2\/types\/page"}],"author":[{"embeddable":true,"href":"https:\/\/storouest.fr\/index.php\/wp-json\/wp\/v2\/users\/1"}],"replies":[{"embeddable":true,"href":"https:\/\/storouest.fr\/index.php\/wp-json\/wp\/v2\/comments?post=1232"}],"version-history":[{"count":4,"href":"https:\/\/storouest.fr\/index.php\/wp-json\/wp\/v2\/pages\/1232\/revisions"}],"predecessor-version":[{"id":1237,"href":"https:\/\/storouest.fr\/index.php\/wp-json\/wp\/v2\/pages\/1232\/revisions\/1237"}],"wp:attachment":[{"href":"https:\/\/storouest.fr\/index.php\/wp-json\/wp\/v2\/media?parent=1232"}],"curies":[{"name":"wp","href":"https:\/\/api.w.org\/{rel}","templated":true}]}}